{"id":50245,"date":"2023-07-23T20:28:17","date_gmt":"2023-07-23T20:28:17","guid":{"rendered":"https:\/\/theme-dev.cmsmasters.net\/christian-mission\/?page_id=50245"},"modified":"2026-01-13T19:55:15","modified_gmt":"2026-01-13T19:55:15","slug":"give","status":"publish","type":"page","link":"https:\/\/www.isusmiscanatiuni.ro\/en\/give\/","title":{"rendered":"Give"},"content":{"rendered":"\t\t<div data-elementor-type=\"wp-page\" data-elementor-id=\"50245\" class=\"elementor elementor-50245\">\n\t\t\t\t<div class=\"elementor-element elementor-element-bfecac3 e-con-full e-flex cmsmasters-block-default e-con e-parent\" data-id=\"bfecac3\" data-element_type=\"container\" data-e-type=\"container\" data-settings=\"{&quot;background_background&quot;:&quot;classic&quot;}\">\n\t\t<div class=\"elementor-element elementor-element-07bd7f8 e-con-full e-flex cmsmasters-bg-hide-none cmsmasters-bg-hide-none cmsmasters-block-default e-con e-child\" data-id=\"07bd7f8\" data-element_type=\"container\" data-e-type=\"container\" data-settings=\"{&quot;background_background&quot;:&quot;classic&quot;}\">\n\t\t\t\t<\/div>\n\t\t\t\t<\/div>\n\t\t<div class=\"elementor-element elementor-element-880f9b0 e-flex e-con-boxed cmsmasters-block-default e-con e-parent\" data-id=\"880f9b0\" data-element_type=\"container\" data-e-type=\"container\">\n\t\t\t\t\t<div class=\"e-con-inner\">\n\t\t<div class=\"elementor-element elementor-element-a6469c0 e-con-full elementor-hidden-tablet elementor-hidden-mobile e-flex cmsmasters-bg-hide-none cmsmasters-bg-hide-none cmsmasters-block-default e-con e-child\" data-id=\"a6469c0\" data-element_type=\"container\" data-e-type=\"container\" data-settings=\"{&quot;background_background&quot;:&quot;classic&quot;}\">\n\t\t\t\t<\/div>\n\t\t<div class=\"elementor-element elementor-element-2e55800 e-con-full e-flex cmsmasters-block-default e-con e-child\" data-id=\"2e55800\" data-element_type=\"container\" data-e-type=\"container\" data-settings=\"{&quot;background_background&quot;:&quot;classic&quot;}\">\n\t\t\t\t<div class=\"elementor-element elementor-element-19304df cmsmasters-block-default cmsmasters-sticky-default elementor-widget elementor-widget-heading\" data-id=\"19304df\" data-element_type=\"widget\" data-e-type=\"widget\" data-widget_type=\"heading.default\">\n\t\t\t\t\t<h3 class=\"elementor-heading-title elementor-size-default\">Sprijina misiunea noastra!<\/h3>\t\t\t\t<\/div>\n\t\t\t\t<div class=\"elementor-element elementor-element-6e68e1f cmsmasters-block-default cmsmasters-sticky-default elementor-widget elementor-widget-heading\" data-id=\"6e68e1f\" data-element_type=\"widget\" data-e-type=\"widget\" data-widget_type=\"heading.default\">\n\t\t\t\t\t<p class=\"elementor-heading-title elementor-size-default\">Generozitatea ta schimb\u0103 vie\u021bi!\nFiecare dona\u021bie ne ajut\u0103 s\u0103 ducem mai departe speran\u021ba, s\u0103 slujim comunitatea \u0219i s\u0103 \u00eemp\u0103rt\u0103\u0219im dragostea lui Dumnezeu cu cei afla\u021bi \u00een nevoie.<br>\n\u00ce\u021bi mul\u021bumim c\u0103 faci parte din aceast\u0103 misiune!<\/p>\t\t\t\t<\/div>\n\t\t\t\t<div class=\"elementor-element elementor-element-2913eb4 cmsmasters-block-default cmsmasters-sticky-default elementor-widget elementor-widget-shortcode\" data-id=\"2913eb4\" data-element_type=\"widget\" data-e-type=\"widget\" data-widget_type=\"shortcode.default\">\n\t\t\t\t\t\t\t<div class=\"elementor-shortcode\">    <style>\n    .givewp-cs-wrap{margin:0 0 18px}\n    .givewp-cs-label{font-weight:700;margin-bottom:8px;display:block}\n    .givewp-cs-group{display:flex;flex-wrap:wrap;gap:8px}\n    .givewp-cs-btn{\n        appearance:none;border:1px solid rgba(0,0,0,.12);padding:8px 12px;border-radius:999px;\n        background:#fff;cursor:pointer;font-weight:600;line-height:1;transition:.2s;\n    }\n    .givewp-cs-btn:hover{transform:translateY(-1px);box-shadow:0 2px 8px rgba(0,0,0,.08)}\n    .givewp-cs-btn[aria-pressed=\"true\"]{\n        background:#111;color:#fff;border-color:#111;box-shadow:0 3px 12px rgba(0,0,0,.12)\n    }\n    @media (prefers-color-scheme: dark){\n        .givewp-cs-btn{background:#1e1f25;color:#e6e9ee;border-color:rgba(255,255,255,.15)}\n        .givewp-cs-btn[aria-pressed=\"true\"]{background:#fff;color:#111;border-color:#fff}\n    }<\/style>\n    <div class=\"givewp-cs-wrap\" role=\"group\" aria-label=\"\u00cen ce valut\u0103 vrei s\u0103 donezi?\">\n        <span class=\"givewp-cs-label\">\u00cen ce valut\u0103 vrei s\u0103 donezi?<\/span>\n        <div class=\"givewp-cs-group\">\n                            <button type=\"button\"\n                        class=\"givewp-cs-btn\"\n                        data-currency=\"RON\"\n                        aria-pressed=\"true\">\n                    RON                <\/button>\n                            <button type=\"button\"\n                        class=\"givewp-cs-btn\"\n                        data-currency=\"EUR\"\n                        aria-pressed=\"false\">\n                    EUR                <\/button>\n                            <button type=\"button\"\n                        class=\"givewp-cs-btn\"\n                        data-currency=\"USD\"\n                        aria-pressed=\"false\">\n                    USD                <\/button>\n                            <button type=\"button\"\n                        class=\"givewp-cs-btn\"\n                        data-currency=\"GBP\"\n                        aria-pressed=\"false\">\n                    GBP                <\/button>\n                    <\/div>\n    <\/div>\n    <script>\n    (function(){\n        var group = document.currentScript.previousElementSibling; \/\/ div.givewp-cs-wrap\n        if(!group) return;\n        var buttons = group.querySelectorAll('.givewp-cs-btn');\n        var base = \"https:\/\/www.isusmiscanatiuni.ro\/en\/wp-json\/wp\/v2\/pages\/50245?give-currency=DUMMY\";\n        function setCookie(name, value, days){\n            var d = new Date();\n            d.setTime(d.getTime() + (days*24*60*60*1000));\n            document.cookie = name + \"=\" + encodeURIComponent(value) + \"; path=\/; expires=\" + d.toUTCString();\n        }\n        buttons.forEach(function(btn){\n            btn.addEventListener('click', function(){\n                var v = this.getAttribute('data-currency');\n                \/\/ UX: marcheaz\u0103 activ local\n                buttons.forEach(function(b){ b.setAttribute('aria-pressed','false'); });\n                this.setAttribute('aria-pressed','true');\n\n                \/\/ set cookie client-side (fallback)\n                setCookie(\"give_currency\", v, 7);\n\n                \/\/ redirect cu parametru -> serverul seteaz\u0103 cookie \u0219i dezactiveaz\u0103 cache\n                window.location.assign(base.replace('DUMMY', encodeURIComponent(v)));\n            });\n        });\n    })();\n    <\/script>\n    <\/div>\n\t\t\t\t\t\t<\/div>\n\t\t\t\t<div class=\"elementor-element elementor-element-a46ac46 cmsmasters-block-default cmsmasters-sticky-default elementor-widget elementor-widget-cmsmasters-give-wp-donation-form\" data-id=\"a46ac46\" data-element_type=\"widget\" data-e-type=\"widget\" data-settings=\"{&quot;display_style&quot;:&quot;onpage&quot;}\" data-widget_type=\"cmsmasters-give-wp-donation-form.default\">\n\t\t\t\t\t<div class='root-data-givewp-embed' data-form-locale='en_US' data-form-url='https:\/\/www.isusmiscanatiuni.ro\/?post_type=give_forms&amp;p=52606' data-form-view-url='https:\/\/www.isusmiscanatiuni.ro\/en\/?givewp-route=donation-form-view&amp;form-id=52606' data-src='https:\/\/www.isusmiscanatiuni.ro\/en\/?givewp-route=donation-form-view&amp;form-id=52606' data-givewp-embed-id='give-form-shortcode-1' data-form-format='onpage' data-open-form-button='Donate now' style='--givewp-primary-color: #3f6b6c; --givewp-secondary-color: #f2c36b;'><\/div>\t\t\t\t<\/div>\n\t\t\t\t<div class=\"elementor-element elementor-element-e0abd5a cmsmasters-block-default cmsmasters-sticky-default elementor-widget elementor-widget-heading\" data-id=\"e0abd5a\" data-element_type=\"widget\" data-e-type=\"widget\" data-widget_type=\"heading.default\">\n\t\t\t\t\t<h6 class=\"elementor-heading-title elementor-size-default\">Redirectioneaz\u0103 3,5% din impozit\n<br>\n<a href=\"https:\/\/www.isusmiscanatiuni.ro\/wp-content\/uploads\/2026\/01\/230_ISUS_MISCA_NATIUNI_103_2025.pdf\" style=\"color: red\">Descarc\u0103 declara\u021bie aici.<\/a><\/h6>\t\t\t\t<\/div>\n\t\t\t\t<div class=\"elementor-element elementor-element-56cfccc cmsmasters-block-default cmsmasters-sticky-default elementor-widget elementor-widget-heading\" data-id=\"56cfccc\" data-element_type=\"widget\" data-e-type=\"widget\" data-widget_type=\"heading.default\">\n\t\t\t\t\t<h6 class=\"elementor-heading-title elementor-size-default\">Redirectioneaz\u0103 ca persoana juridica din impozit\n<br>\n<a href=\"https:\/\/www.isusmiscanatiuni.ro\/wp-content\/uploads\/2026\/01\/1d94ef0e-4ec3-4c85-b30c-7010e681fbcf.pdf\" style=\"color: red\">Descarc\u0103 declara\u021bie aici.<\/a><\/h6>\t\t\t\t<\/div>\n\t\t\t\t<\/div>\n\t\t\t\t\t<\/div>\n\t\t\t\t<\/div>\n\t\t\t\t<\/div>\n\t\t","protected":false},"excerpt":{"rendered":"<p>Sprijina misiunea noastra! Generozitatea ta schimb\u0103 vie\u021bi! Fiecare dona\u021bie ne ajut\u0103 s\u0103 ducem mai departe speran\u021ba, s\u0103 slujim comunitatea \u0219i s\u0103 \u00eemp\u0103rt\u0103\u0219im dragostea lui Dumnezeu cu cei afla\u021bi \u00een nevoie&#8230;.<\/p>","protected":false},"author":1,"featured_media":0,"parent":0,"menu_order":0,"comment_status":"closed","ping_status":"closed","template":"","meta":{"_acf_changed":false,"give_campaign_id":0,"footnotes":""},"class_list":["post-50245","page","type-page","status-publish","hentry"],"acf":[],"campaignId":"","_links":{"self":[{"href":"https:\/\/www.isusmiscanatiuni.ro\/en\/wp-json\/wp\/v2\/pages\/50245","targetHints":{"allow":["GET"]}}],"collection":[{"href":"https:\/\/www.isusmiscanatiuni.ro\/en\/wp-json\/wp\/v2\/pages"}],"about":[{"href":"https:\/\/www.isusmiscanatiuni.ro\/en\/wp-json\/wp\/v2\/types\/page"}],"author":[{"embeddable":true,"href":"https:\/\/www.isusmiscanatiuni.ro\/en\/wp-json\/wp\/v2\/users\/1"}],"replies":[{"embeddable":true,"href":"https:\/\/www.isusmiscanatiuni.ro\/en\/wp-json\/wp\/v2\/comments?post=50245"}],"version-history":[{"count":21,"href":"https:\/\/www.isusmiscanatiuni.ro\/en\/wp-json\/wp\/v2\/pages\/50245\/revisions"}],"predecessor-version":[{"id":52971,"href":"https:\/\/www.isusmiscanatiuni.ro\/en\/wp-json\/wp\/v2\/pages\/50245\/revisions\/52971"}],"wp:attachment":[{"href":"https:\/\/www.isusmiscanatiuni.ro\/en\/wp-json\/wp\/v2\/media?parent=50245"}],"curies":[{"name":"wp","href":"https:\/\/api.w.org\/{rel}","templated":true}]}}