{"id":52978,"date":"2026-02-25T10:51:36","date_gmt":"2026-02-25T10:51:36","guid":{"rendered":"https:\/\/www.isusmiscanatiuni.ro\/?page_id=52978"},"modified":"2026-02-25T11:59:24","modified_gmt":"2026-02-25T11:59:24","slug":"redirectioneaza-3-din-impozit","status":"publish","type":"page","link":"https:\/\/www.isusmiscanatiuni.ro\/en\/redirectioneaza-3-din-impozit\/","title":{"rendered":"Redirectioneaza 3,5% din impozit"},"content":{"rendered":"<div data-elementor-type=\"wp-page\" data-elementor-id=\"52978\" class=\"elementor elementor-52978\">\n\t\t\t\t<section class=\"elementor-element elementor-element-bff790c e-con-full e-flex cmsmasters-block-default e-con e-parent\" data-id=\"bff790c\" data-element_type=\"container\" data-e-type=\"container\" data-settings=\"{&quot;background_background&quot;:&quot;classic&quot;}\">\n\t\t<div class=\"elementor-element elementor-element-620d950 e-con-full cmsmasters-section-for-header-yes e-flex cmsmasters-bg-hide-none cmsmasters-bg-hide-none cmsmasters-block-default e-con e-child\" data-id=\"620d950\" data-element_type=\"container\" data-e-type=\"container\" data-settings=\"{&quot;background_background&quot;:&quot;classic&quot;}\">\n\t\t<div class=\"elementor-element elementor-element-e11aa07 e-con-full e-flex cmsmasters-block-default e-con e-child\" data-id=\"e11aa07\" data-element_type=\"container\" data-e-type=\"container\">\n\t\t\t\t<div class=\"elementor-element elementor-element-1841234 cmsmasters-block-default cmsmasters-sticky-default elementor-invisible elementor-widget elementor-widget-heading\" data-id=\"1841234\" data-element_type=\"widget\" data-e-type=\"widget\" data-settings=\"{&quot;_animation&quot;:&quot;cmsmasters-fade-in-up&quot;,&quot;_animation_delay&quot;:200}\" data-widget_type=\"heading.default\">\n\t\t\t\t\t<h6 class=\"elementor-heading-title elementor-size-default\">ASOCIATIA ISUS MISCA NATIUNI<\/h6>\t\t\t\t<\/div>\n\t\t\t\t<div class=\"elementor-element elementor-element-86ff41a cmsmasters-block-default cmsmasters-sticky-default elementor-invisible elementor-widget elementor-widget-heading\" data-id=\"86ff41a\" data-element_type=\"widget\" data-e-type=\"widget\" data-settings=\"{&quot;_animation&quot;:&quot;cmsmasters-fade-in-up&quot;,&quot;_animation_delay&quot;:200}\" data-widget_type=\"heading.default\">\n\t\t\t\t\t<h1 class=\"elementor-heading-title elementor-size-default\">Redirectioneaza 3,5% din impozit<\/h1>\t\t\t\t<\/div>\n\t\t\t\t<div class=\"elementor-element elementor-element-f7093ee elementor-widget__width-initial cmsmasters-block-default cmsmasters-sticky-default elementor-invisible elementor-widget elementor-widget-heading\" data-id=\"f7093ee\" data-element_type=\"widget\" data-e-type=\"widget\" data-settings=\"{&quot;_animation&quot;:&quot;cmsmasters-fade-in-up&quot;,&quot;_animation_delay&quot;:400}\" data-widget_type=\"heading.default\">\n\t\t\t\t\t<div class=\"elementor-heading-title elementor-size-default\"><span style=\"font-size: 18px\">Generozitatea ta schimb\u0103 vie\u021bi! Fiecare dona\u021bie ne ajut\u0103 s\u0103 ducem mai departe speran\u021ba, s\u0103 slujim comunitatea \u0219i s\u0103 \u00eemp\u0103rt\u0103\u0219im dragostea lui Dumnezeu cu cei afla\u021bi \u00een nevoie.<\/span><br style=\"font-size: 18px\"><span style=\"font-size: 18px\">\u00ce\u021bi mul\u021bumim c\u0103 faci parte din aceast\u0103 misiune!<\/span><\/div>\t\t\t\t<\/div>\n\t\t\t\t<\/div>\n\t\t\t\t<\/div>\n\t\t\t\t<\/section>\n\t\t<div class=\"elementor-element elementor-element-91d8abb e-grid e-con-boxed cmsmasters-block-default e-con e-parent\" data-id=\"91d8abb\" data-element_type=\"container\" data-e-type=\"container\">\n\t\t\t\t\t<div class=\"e-con-inner\">\n\t\t\t\t<div class=\"elementor-element elementor-element-e34c420 cmsmasters-block-default cmsmasters-sticky-default elementor-widget elementor-widget-heading\" data-id=\"e34c420\" data-element_type=\"widget\" data-e-type=\"widget\" data-widget_type=\"heading.default\">\n\t\t\t\t\t<h6 class=\"elementor-heading-title elementor-size-default\">Redirectioneaz\u0103 3,5% din impozit\n<br>\n<a href=\"https:\/\/www.isusmiscanatiuni.ro\/wp-content\/uploads\/2026\/01\/230_ISUS_MISCA_NATIUNI_103_2025.pdf\" style=\"color: red\">Descarc\u0103 declara\u021bie aici.<\/a><\/h6>\t\t\t\t<\/div>\n\t\t\t\t<div class=\"elementor-element elementor-element-5eea5a9 cmsmasters-block-default cmsmasters-sticky-default elementor-widget elementor-widget-heading\" data-id=\"5eea5a9\" data-element_type=\"widget\" data-e-type=\"widget\" data-widget_type=\"heading.default\">\n\t\t\t\t\t<h6 class=\"elementor-heading-title elementor-size-default\">Redirectioneaz\u0103 ca persoana juridica din impozit\n<br>\n<a href=\"https:\/\/www.isusmiscanatiuni.ro\/wp-content\/uploads\/2026\/01\/1d94ef0e-4ec3-4c85-b30c-7010e681fbcf.pdf\" style=\"color: red\">Descarc\u0103 declara\u021bie aici.<\/a><\/h6>\t\t\t\t<\/div>\n\t\t\t\t\t<\/div>\n\t\t\t\t<\/div>\n\t\t<div class=\"elementor-element elementor-element-7dafebe e-flex e-con-boxed cmsmasters-block-default e-con e-parent\" data-id=\"7dafebe\" data-element_type=\"container\" data-e-type=\"container\">\n\t\t\t\t\t<div class=\"e-con-inner\">\n\t\t\t\t<div class=\"elementor-element elementor-element-400f35c cmsmasters-block-default cmsmasters-sticky-default elementor-widget elementor-widget-image\" data-id=\"400f35c\" data-element_type=\"widget\" data-e-type=\"widget\" data-widget_type=\"image.default\">\n\t\t\t\t\t\t\t\t\t\t\t\t\t\t\t<img fetchpriority=\"high\" decoding=\"async\" width=\"300\" height=\"300\" src=\"https:\/\/www.isusmiscanatiuni.ro\/wp-content\/uploads\/2025\/09\/cropped-favicon-300x300.png\" class=\"attachment-medium size-medium wp-image-52145\" alt=\"\" srcset=\"https:\/\/www.isusmiscanatiuni.ro\/wp-content\/uploads\/2025\/09\/cropped-favicon-300x300.png 300w, https:\/\/www.isusmiscanatiuni.ro\/wp-content\/uploads\/2025\/09\/cropped-favicon-150x150.png 150w, https:\/\/www.isusmiscanatiuni.ro\/wp-content\/uploads\/2025\/09\/cropped-favicon-260x260.png 260w, https:\/\/www.isusmiscanatiuni.ro\/wp-content\/uploads\/2025\/09\/cropped-favicon-100x100.png 100w, https:\/\/www.isusmiscanatiuni.ro\/wp-content\/uploads\/2025\/09\/cropped-favicon-270x270.png 270w, https:\/\/www.isusmiscanatiuni.ro\/wp-content\/uploads\/2025\/09\/cropped-favicon-192x192.png 192w, https:\/\/www.isusmiscanatiuni.ro\/wp-content\/uploads\/2025\/09\/cropped-favicon-180x180.png 180w, https:\/\/www.isusmiscanatiuni.ro\/wp-content\/uploads\/2025\/09\/cropped-favicon-32x32.png 32w, https:\/\/www.isusmiscanatiuni.ro\/wp-content\/uploads\/2025\/09\/cropped-favicon.png 512w\" sizes=\"(max-width: 300px) 100vw, 300px\" \/>\t\t\t\t\t\t\t\t\t\t\t\t\t\t\t<\/div>\n\t\t\t\t\t<\/div>\n\t\t\t\t<\/div>\n\t\t\t\t<\/div>","protected":false},"excerpt":{"rendered":"<p>ASOCIATIA ISUS MISCA NATIUNI Redirectioneaza 3,5% din impozit Generozitatea ta schimb\u0103 vie\u021bi! Fiecare dona\u021bie ne ajut\u0103 s\u0103 ducem mai departe speran\u021ba, s\u0103 slujim comunitatea \u0219i s\u0103 \u00eemp\u0103rt\u0103\u0219im dragostea lui Dumnezeu&#8230;<\/p>","protected":false},"author":1,"featured_media":0,"parent":0,"menu_order":0,"comment_status":"closed","ping_status":"closed","template":"","meta":{"_acf_changed":false,"give_campaign_id":0,"footnotes":""},"class_list":["post-52978","page","type-page","status-publish","hentry"],"acf":[],"campaignId":"","_links":{"self":[{"href":"https:\/\/www.isusmiscanatiuni.ro\/en\/wp-json\/wp\/v2\/pages\/52978","targetHints":{"allow":["GET"]}}],"collection":[{"href":"https:\/\/www.isusmiscanatiuni.ro\/en\/wp-json\/wp\/v2\/pages"}],"about":[{"href":"https:\/\/www.isusmiscanatiuni.ro\/en\/wp-json\/wp\/v2\/types\/page"}],"author":[{"embeddable":true,"href":"https:\/\/www.isusmiscanatiuni.ro\/en\/wp-json\/wp\/v2\/users\/1"}],"replies":[{"embeddable":true,"href":"https:\/\/www.isusmiscanatiuni.ro\/en\/wp-json\/wp\/v2\/comments?post=52978"}],"version-history":[{"count":12,"href":"https:\/\/www.isusmiscanatiuni.ro\/en\/wp-json\/wp\/v2\/pages\/52978\/revisions"}],"predecessor-version":[{"id":52997,"href":"https:\/\/www.isusmiscanatiuni.ro\/en\/wp-json\/wp\/v2\/pages\/52978\/revisions\/52997"}],"wp:attachment":[{"href":"https:\/\/www.isusmiscanatiuni.ro\/en\/wp-json\/wp\/v2\/media?parent=52978"}],"curies":[{"name":"wp","href":"https:\/\/api.w.org\/{rel}","templated":true}]}}